{"id":1132,"date":"2018-03-01T12:13:42","date_gmt":"2018-03-01T12:13:42","guid":{"rendered":"https:\/\/djendriu.pl\/?page_id=1132"},"modified":"2019-06-01T18:22:55","modified_gmt":"2019-06-01T16:22:55","slug":"photos-regular","status":"publish","type":"page","link":"https:\/\/djendriu.pl\/?page_id=1132","title":{"rendered":"Zdj\u0119cia"},"content":{"rendered":"<section class=\"fw-main-row  ls section_padding_top_130 section_padding_bottom_130 columns_padding_15\" >\n\t\t<div class=\"container\">\n\t\t<div class=\"row\">\n\t\t\t\n    <div class=\"col-xs-12\" >\n        <div class=\"columns_padding_15\">\n\t<div class=\"isotope_container isotope row masonry-layout columns_margin_bottom_20\"\n\t     data-filters=\".isotope_filters-69ee6144621d0\">\n\t\t\t\t\t<div\n\t\t\t\tclass=\"isotope-item item-layout-item-regular col-lg-4 col-md-4 col-sm-6 col-xs-12 \">\n\t\t\t\t<div class=\"vertical-item gallery-item content-absolute text-center ds\">\n\t\t\t<div class=\"item-media\">\n\t\t\t<img loading=\"lazy\" decoding=\"async\" width=\"775\" height=\"517\" src=\"https:\/\/djendriu.pl\/wp-content\/uploads\/2020\/09\/Taniec-w-chmurach-1-775x517.jpg\" class=\"attachment-post-thumbnail size-post-thumbnail wp-post-image\" alt=\"\" srcset=\"https:\/\/djendriu.pl\/wp-content\/uploads\/2020\/09\/Taniec-w-chmurach-1-775x517.jpg 775w, https:\/\/djendriu.pl\/wp-content\/uploads\/2020\/09\/Taniec-w-chmurach-1-1170x780.jpg 1170w\" sizes=\"(max-width: 775px) 100vw, 775px\" \/>\t\t\t<div class=\"media-links\">\n\t\t\t\t<div class=\"links-wrap\">\n\t\t\t\t\t<a class=\"p-view prettyPhoto\"\n\t\t\t\t\t   data-gal=\"prettyPhoto[gal-69ee6144621d0]\"\n\t\t\t\t\t   href=\"https:\/\/djendriu.pl\/wp-content\/uploads\/2020\/09\/Taniec-w-chmurach-1-scaled.jpg\"><\/a>\n\t\t\t\t<\/div>\n\t\t\t<\/div>\n\t\t<\/div>\n\t\t<div class=\"item-content\">\n\t\t<h4 class=\"item-meta\">\n\t\t\t<a href=\"https:\/\/djendriu.pl\/?fw-portfolio=wesela\">\n\t\t\t\tWesela\t\t\t<\/a>\n\t\t<\/h4>\n\t<\/div>\n<\/div>\t\t\t<\/div>\n\t\t\t\t\t<div\n\t\t\t\tclass=\"isotope-item item-layout-item-regular col-lg-4 col-md-4 col-sm-6 col-xs-12 \">\n\t\t\t\t<div class=\"vertical-item gallery-item content-absolute text-center ds\">\n\t\t\t<div class=\"item-media\">\n\t\t\t<img loading=\"lazy\" decoding=\"async\" width=\"631\" height=\"517\" src=\"https:\/\/djendriu.pl\/wp-content\/uploads\/2019\/06\/Mi\u0119dzywodzie-631x517.jpg\" class=\"attachment-post-thumbnail size-post-thumbnail wp-post-image\" alt=\"\" \/>\t\t\t<div class=\"media-links\">\n\t\t\t\t<div class=\"links-wrap\">\n\t\t\t\t\t<a class=\"p-view prettyPhoto\"\n\t\t\t\t\t   data-gal=\"prettyPhoto[gal-69ee6144621d0]\"\n\t\t\t\t\t   href=\"https:\/\/djendriu.pl\/wp-content\/uploads\/2019\/06\/Mi\u0119dzywodzie.jpg\"><\/a>\n\t\t\t\t<\/div>\n\t\t\t<\/div>\n\t\t<\/div>\n\t\t<div class=\"item-content\">\n\t\t<h4 class=\"item-meta\">\n\t\t\t<a href=\"https:\/\/djendriu.pl\/?fw-portfolio=maly-przeglad-wydarzen-z-mojej-dzialalnosci\">\n\t\t\t\tMa\u0142y przegl\u0105d wydarze\u0144 z mojej dzia\u0142alno\u015bci\t\t\t<\/a>\n\t\t<\/h4>\n\t<\/div>\n<\/div>\t\t\t<\/div>\n\t\t\t\t\t<div\n\t\t\t\tclass=\"isotope-item item-layout-item-regular col-lg-4 col-md-4 col-sm-6 col-xs-12 \">\n\t\t\t\t<div class=\"vertical-item gallery-item content-absolute text-center ds\">\n\t\t\t<div class=\"item-media\">\n\t\t\t<img loading=\"lazy\" decoding=\"async\" width=\"775\" height=\"517\" src=\"https:\/\/djendriu.pl\/wp-content\/uploads\/2019\/06\/59852742_467438687395835_7847556332474335232_o-775x517.jpg\" class=\"attachment-post-thumbnail size-post-thumbnail wp-post-image\" alt=\"\" srcset=\"https:\/\/djendriu.pl\/wp-content\/uploads\/2019\/06\/59852742_467438687395835_7847556332474335232_o-775x517.jpg 775w, https:\/\/djendriu.pl\/wp-content\/uploads\/2019\/06\/59852742_467438687395835_7847556332474335232_o-1170x780.jpg 1170w\" sizes=\"(max-width: 775px) 100vw, 775px\" \/>\t\t\t<div class=\"media-links\">\n\t\t\t\t<div class=\"links-wrap\">\n\t\t\t\t\t<a class=\"p-view prettyPhoto\"\n\t\t\t\t\t   data-gal=\"prettyPhoto[gal-69ee6144621d0]\"\n\t\t\t\t\t   href=\"https:\/\/djendriu.pl\/wp-content\/uploads\/2019\/06\/59852742_467438687395835_7847556332474335232_o.jpg\"><\/a>\n\t\t\t\t<\/div>\n\t\t\t<\/div>\n\t\t<\/div>\n\t\t<div class=\"item-content\">\n\t\t<h4 class=\"item-meta\">\n\t\t\t<a href=\"https:\/\/djendriu.pl\/?fw-portfolio=sylwester-2019\">\n\t\t\t\tSylwester 2019\t\t\t<\/a>\n\t\t<\/h4>\n\t<\/div>\n<\/div>\t\t\t<\/div>\n\t\t\t\t\t<\/div><!-- eof .isotope_container -->\n<\/div><!-- eof .columns_padding_* -->    <\/div>\n\n\n\t\t<\/div>\n\t<\/div>\n<\/section>\n\n","protected":false},"excerpt":{"rendered":"","protected":false},"author":1,"featured_media":0,"parent":0,"menu_order":0,"comment_status":"closed","ping_status":"closed","template":"page-templates\/full-width.php","meta":{"footnotes":""},"_links":{"self":[{"href":"https:\/\/djendriu.pl\/index.php?rest_route=\/wp\/v2\/pages\/1132"}],"collection":[{"href":"https:\/\/djendriu.pl\/index.php?rest_route=\/wp\/v2\/pages"}],"about":[{"href":"https:\/\/djendriu.pl\/index.php?rest_route=\/wp\/v2\/types\/page"}],"author":[{"embeddable":true,"href":"https:\/\/djendriu.pl\/index.php?rest_route=\/wp\/v2\/users\/1"}],"replies":[{"embeddable":true,"href":"https:\/\/djendriu.pl\/index.php?rest_route=%2Fwp%2Fv2%2Fcomments&post=1132"}],"version-history":[{"count":0,"href":"https:\/\/djendriu.pl\/index.php?rest_route=\/wp\/v2\/pages\/1132\/revisions"}],"wp:attachment":[{"href":"https:\/\/djendriu.pl\/index.php?rest_route=%2Fwp%2Fv2%2Fmedia&parent=1132"}],"curies":[{"name":"wp","href":"https:\/\/api.w.org\/{rel}","templated":true}]}}