{"id":1400,"date":"2020-09-04T20:21:14","date_gmt":"2020-09-04T18:21:14","guid":{"rendered":"https:\/\/djendriu.pl\/?page_id=1400"},"modified":"2020-09-04T20:29:42","modified_gmt":"2020-09-04T18:29:42","slug":"oferta","status":"publish","type":"page","link":"https:\/\/djendriu.pl\/?page_id=1400","title":{"rendered":"Oferta"},"content":{"rendered":"\n<p class=\"has-text-color has-very-dark-gray-color\"><strong>Serdecznie zapraszam do skorzystania z mojej oferty: Obs\u0142uguj\u0119 prywatne  imprezy, na kt\u00f3rych liczy si\u0119 przede wszystkim odpowiedni dob\u00f3r  repertuaru do gust\u00f3w bawi\u0105cych si\u0119 go\u015bci i dyskrecja. Moje d\u0142ugoletnie  do\u015bwiadczenie w obs\u0142udze i oprawie imprez muzycznych , przek\u0142ada si\u0119 na  profesjonalne prowadzenie i odpowiedni dob\u00f3r repertuaru muzycznego na  zleconych mi imprezach. Poniewa\u017c dzia\u0142am samodzielnie to jestem  odpowiedzialny za wszystko co zwi\u0105zane jest z nag\u0142o\u015bnieniem , obs\u0142ug\u0105 i  opraw\u0105 muzyczn\u0105 imprezy. Muzyka: dok\u0142adnie do ustalenia . Proponuje  Pa\u0144stwu w pakiecie podstawowym ;<br> 1.O\u015bwietlenie i nag\u0142o\u015bnienie<br> 2.Ci\u0119\u017cki dym na pierwszy taniec.<br> 3.Konkursy i zabawy <br> 4. Oczepiny i podzi\u0119kowania dla rodzic\u00f3w<br> 5.Wy\u015bwietlane \u017cyczenia  projektorem laserowym<br> 6. Prowadzenie jako DJ i Wodzirej przyj\u0119cia weselnego<br> Koszt ca\u0142kowity us\u0142ugi wynosi 2500 z\u0142  na terenie Szczecina.<br> Po za Szczecinem nale\u017cy doliczy\u0107 koszt dojazdu , powy\u017cej 100 km nocleg. <\/strong><\/p>\n\n\n\n<p class=\"has-text-color has-very-dark-gray-color\"><strong>Zapraszam do korzystania z oferty: wypo\u017cyczanie maszyny do ci\u0119\u017ckiego  dymu wraz z suchym lodem. Jest mo\u017cliwo\u015b\u0107 dowiezienia i obs\u0142ugi maszyny  przy pierwszym ta\u0144cu.Poni\u017cej zdj\u0119cia z pierwszego ta\u0144ca na weselu kt\u00f3re  prowadzi\u0142em. W pakiecie Pa\u0144stwo M\u0142odzi mieli ci\u0119\u017cki dym.<\/strong><\/p>\n\n\n\n<figure class=\"wp-block-image size-large\"><img loading=\"lazy\" decoding=\"async\" width=\"681\" height=\"1024\" src=\"https:\/\/djendriu.pl\/wp-content\/uploads\/2020\/09\/Taniec-w-chmurach-1-681x1024.jpg\" alt=\"\" class=\"wp-image-1398\" srcset=\"https:\/\/djendriu.pl\/wp-content\/uploads\/2020\/09\/Taniec-w-chmurach-1-681x1024.jpg 681w, https:\/\/djendriu.pl\/wp-content\/uploads\/2020\/09\/Taniec-w-chmurach-1-200x300.jpg 200w, https:\/\/djendriu.pl\/wp-content\/uploads\/2020\/09\/Taniec-w-chmurach-1-768x1154.jpg 768w, https:\/\/djendriu.pl\/wp-content\/uploads\/2020\/09\/Taniec-w-chmurach-1-1022x1536.jpg 1022w, https:\/\/djendriu.pl\/wp-content\/uploads\/2020\/09\/Taniec-w-chmurach-1-1363x2048.jpg 1363w, https:\/\/djendriu.pl\/wp-content\/uploads\/2020\/09\/Taniec-w-chmurach-1-600x902.jpg 600w, https:\/\/djendriu.pl\/wp-content\/uploads\/2020\/09\/Taniec-w-chmurach-1-scaled.jpg 1703w\" sizes=\"(max-width: 681px) 100vw, 681px\" \/><figcaption> <strong>Foto dzi\u0119ki  uprzejmo\u015bci <a rel=\"noreferrer noopener\" href=\"https:\/\/www.facebook.com\/red.haired.photograph\/?__tn__=K-R&amp;eid=ARAiP8Zhll5KqRqegcv4ImmamDdLtllCKJN76BD2djFc3Zw-89WJ1j-cKM7lA8Boa_kSkyfie98ch_Oe&amp;fref=mentions&amp;__xts__%5B0%5D=68.ARA38SDWa15vamlobHO4QqAjqD_PK997sUbah1P19UzDaqmmegUKRGVoQ2tA2G5LQ6MwSZV2BT5KXuz0aALhhCeagwCqBcMhdsq11uXrbcQAs8i6IB_X82uFjd-GYiD20JNZ3R2OGe7Q0rxxe_V3F3pGcS9PXwzyoF3P7hVHTZ82lDfWtOLM1ILIlx1Zcic1vF76NIVN9_nIPClTSSOLWvPAmkZQiGBCQ5FgL_Cq9BCXk8iOj8vOmQqea_j14nUkYg5IT9FDxAHH4L0P4ur0g8spBRtzj18TJ-YnSPG31k-BCTsaA4WqlA4oQOLcRzlGVga1G_Mphfg_RhgNUaYghCk\" target=\"_blank\">Inka Photo<\/a>.<\/strong> <\/figcaption><\/figure>\n","protected":false},"excerpt":{"rendered":"<p>Serdecznie zapraszam do skorzystania z mojej oferty: Obs\u0142uguj\u0119 prywatne imprezy, na kt\u00f3rych liczy si\u0119 przede wszystkim odpowiedni dob\u00f3r repertuaru do gust\u00f3w bawi\u0105cych si\u0119 go\u015bci i dyskrecja. Moje d\u0142ugoletnie do\u015bwiadczenie w obs\u0142udze i oprawie imprez muzycznych , przek\u0142ada si\u0119 na profesjonalne prowadzenie i odpowiedni dob\u00f3r repertuaru muzycznego na zleconych mi imprezach. Poniewa\u017c dzia\u0142am samodzielnie to jestem [&hellip;]<\/p>\n","protected":false},"author":1,"featured_media":0,"parent":0,"menu_order":0,"comment_status":"closed","ping_status":"closed","template":"","meta":{"footnotes":""},"_links":{"self":[{"href":"https:\/\/djendriu.pl\/index.php?rest_route=\/wp\/v2\/pages\/1400"}],"collection":[{"href":"https:\/\/djendriu.pl\/index.php?rest_route=\/wp\/v2\/pages"}],"about":[{"href":"https:\/\/djendriu.pl\/index.php?rest_route=\/wp\/v2\/types\/page"}],"author":[{"embeddable":true,"href":"https:\/\/djendriu.pl\/index.php?rest_route=\/wp\/v2\/users\/1"}],"replies":[{"embeddable":true,"href":"https:\/\/djendriu.pl\/index.php?rest_route=%2Fwp%2Fv2%2Fcomments&post=1400"}],"version-history":[{"count":0,"href":"https:\/\/djendriu.pl\/index.php?rest_route=\/wp\/v2\/pages\/1400\/revisions"}],"wp:attachment":[{"href":"https:\/\/djendriu.pl\/index.php?rest_route=%2Fwp%2Fv2%2Fmedia&parent=1400"}],"curies":[{"name":"wp","href":"https:\/\/api.w.org\/{rel}","templated":true}]}}