{"id":1516,"date":"2023-09-25T18:48:09","date_gmt":"2023-09-25T16:48:09","guid":{"rendered":"https:\/\/djendriu.pl\/?page_id=1516"},"modified":"2023-09-25T18:59:47","modified_gmt":"2023-09-25T16:59:47","slug":"opinie","status":"publish","type":"page","link":"https:\/\/djendriu.pl\/?page_id=1516","title":{"rendered":"Opinie"},"content":{"rendered":"\n    <div class=\"col-xs-12 text-center\" >\n        <div style=\"width:1330px;max-width:100%;border-radius:8px;box-shadow: 0 1px 6px #B8C5D366;overflow:hidden;\" class=\"wzk-widget iframe-height\" data-wzk-widget-type=\"type3\" data-wzk-notice=\"46927\"><div style=\"background-color:#F5F6FA;text-align:center;padding:16px;font-size:12px;line-height:12px;\"><a class=\"wzk-accent-color\" title=\"DJ Wodzirej Andrzej Mrzyg\u0142\u00f3d - DJ ENDRIU - zobacz wi\u0119cej opinii\" href=\"https:\/\/www.weselezklasa.pl\/ogloszenia-weselne\/dj-wodzirej-andrzej-mrzyglod-dj-endriu,46927\/#opinie\" target=\"_blank\" style=\"color:currentColor;text-decoration:none;\"><span style=\"color:#444956;\">DJ Wodzirej Andrzej Mrzyg\u0142\u00f3d - DJ ENDRIU - <\/span>zobacz wi\u0119cej opinii<\/a><a href=\"https:\/\/www.weselezklasa.pl\/\" title=\"Wesele z klas\u0105\" style=\"text-decoration:none;\" target=\"_blank\"><img decoding=\"async\" style=\"margin:8px auto 0;display:block\" src=\"https:\/\/widgets.4wzk.pl\/dist\/img\/footer-logo.svg\" alt=\"Wesele z klas\u0105\"><\/a><\/div><\/div><p><script src=\"https:\/\/widgets.4wzk.pl\/dist\/js\/widget.js\" defer=\"true\"><\/script><\/p>    <\/div>\n\n\n\n","protected":false},"excerpt":{"rendered":"<p>DJ Wodzirej Andrzej Mrzyg\u0142\u00f3d &#8211; DJ ENDRIU &#8211; zobacz wi\u0119cej opinii<\/p>\n","protected":false},"author":1,"featured_media":0,"parent":0,"menu_order":0,"comment_status":"closed","ping_status":"closed","template":"","meta":{"footnotes":""},"_links":{"self":[{"href":"https:\/\/djendriu.pl\/index.php?rest_route=\/wp\/v2\/pages\/1516"}],"collection":[{"href":"https:\/\/djendriu.pl\/index.php?rest_route=\/wp\/v2\/pages"}],"about":[{"href":"https:\/\/djendriu.pl\/index.php?rest_route=\/wp\/v2\/types\/page"}],"author":[{"embeddable":true,"href":"https:\/\/djendriu.pl\/index.php?rest_route=\/wp\/v2\/users\/1"}],"replies":[{"embeddable":true,"href":"https:\/\/djendriu.pl\/index.php?rest_route=%2Fwp%2Fv2%2Fcomments&post=1516"}],"version-history":[{"count":17,"href":"https:\/\/djendriu.pl\/index.php?rest_route=\/wp\/v2\/pages\/1516\/revisions"}],"predecessor-version":[{"id":1535,"href":"https:\/\/djendriu.pl\/index.php?rest_route=\/wp\/v2\/pages\/1516\/revisions\/1535"}],"wp:attachment":[{"href":"https:\/\/djendriu.pl\/index.php?rest_route=%2Fwp%2Fv2%2Fmedia&parent=1516"}],"curies":[{"name":"wp","href":"https:\/\/api.w.org\/{rel}","templated":true}]}}